{"id":2,"date":"2023-04-18T19:58:30","date_gmt":"2023-04-18T17:58:30","guid":{"rendered":"https:\/\/lediplomatico.com\/?page_id=2"},"modified":"2023-10-02T09:08:05","modified_gmt":"2023-10-02T07:08:05","slug":"page-d-exemple","status":"publish","type":"page","link":"https:\/\/lediplomatico.com\/","title":{"rendered":"Accueil"},"content":{"rendered":"<section class=\"wpb-content-wrapper\"><p>[vc_row disable_element=\u00a0\u00bbyes\u00a0\u00bb][vc_column][vc_column_text]<\/p>\n<h2>Bar lounge abidjan<\/h2>\n<p>[\/vc_column_text][\/vc_column][\/vc_row][vc_row disable_element=\u00a0\u00bbyes\u00a0\u00bb][vc_column][vc_column_text]<\/p>\n<h3>Bar lounge abidjan<\/h3>\n<p>[\/vc_column_text][\/vc_column][\/vc_row][vc_row][vc_column offset=\u00a0\u00bbvc_hidden-xs\u00a0\u00bb][vc_column_text][\/vc_column_text][\/vc_column][\/vc_row][vc_row][vc_column offset=\u00a0\u00bbvc_hidden-lg vc_hidden-md\u00a0\u00bb][vc_column_text][\/vc_column_text][\/vc_column][\/vc_row][vc_row full_width=\u00a0\u00bbstretch_row_content\u00a0\u00bb][vc_column width=\u00a0\u00bb1\/6&Prime; css=\u00a0\u00bb.vc_custom_1685975649276{background-color: #c6732b !important;}\u00a0\u00bb][\/vc_column][vc_column width=\u00a0\u00bb5\/6&Prime;][vc_column_text]<\/p>\n<h2 style=\"text-align: left;\">La maison des ambassadeurs<\/h2>\n<p>[\/vc_column_text][\/vc_column][\/vc_row][vc_row full_width=\u00a0\u00bbstretch_row_content\u00a0\u00bb][vc_column width=\u00a0\u00bb1\/6&Prime;][\/vc_column][vc_column width=\u00a0\u00bb2\/5&Prime;][vc_column_text]Un sanctuaire masculin d\u2019exception o\u00f9 vous retrouverez le bar\/lounge <strong>Le Diplomatico<\/strong>, le concept store occidental by <strong>Mister D<\/strong> et <strong>Le Dab\u00e9<\/strong>, un espace d\u00e9di\u00e9 \u00e0 la mode et l\u2019art africain des jeunes talents \u00e9mergents.[\/vc_column_text][\/vc_column][vc_column width=\u00a0\u00bb2\/6&Prime;][\/vc_column][\/vc_row][vc_row][vc_column][vc_empty_space][vc_row_inner][vc_column_inner width=\u00a0\u00bb1\/6&Prime;][\/vc_column_inner][vc_column_inner width=\u00a0\u00bb1\/3&Prime;][vc_column_text]<\/p>\n<h3 style=\"text-align: center;\">Horaires<\/h3>\n<p>[\/vc_column_text][vc_icon type=\u00a0\u00bbfontawesome\u00a0\u00bb icon_fontawesome=\u00a0\u00bbfar fa-clock\u00a0\u00bb color=\u00a0\u00bbcustom\u00a0\u00bb size=\u00a0\u00bbsm\u00a0\u00bb align=\u00a0\u00bbcenter\u00a0\u00bb custom_color=\u00a0\u00bb#c6732b\u00a0\u00bb][vc_column_text]<\/p>\n<p style=\"text-align: center;\"><strong>Le Diplomatico Bar Lounge: <\/strong><br \/>\n7j\/7 &#8211; 16h00 &#8211; 00h00<\/p>\n<p style=\"text-align: center;\"><strong>Espaces shopping Mister D et Le Dab\u00e9: <\/strong><br \/>\n7j\/7 &#8211; 09h00 &#8211; 21h30<\/p>\n<p>[\/vc_column_text][\/vc_column_inner][vc_column_inner width=\u00a0\u00bb1\/3&Prime;][vc_column_text]<\/p>\n<h3 style=\"text-align: center;\">Adresse<\/h3>\n<p>[\/vc_column_text][vc_icon type=\u00a0\u00bbfontawesome\u00a0\u00bb icon_fontawesome=\u00a0\u00bbfas fa-map-marker-alt\u00a0\u00bb color=\u00a0\u00bbcustom\u00a0\u00bb size=\u00a0\u00bbsm\u00a0\u00bb align=\u00a0\u00bbcenter\u00a0\u00bb custom_color=\u00a0\u00bb#c6732b\u00a0\u00bb][vc_column_text]<\/p>\n<p style=\"text-align: center;\">387 avenue Harris Memel Fot\u00ea,<br \/>\nAbidjan, C\u00f4te d\u2019Ivoire<\/p>\n<p>[\/vc_column_text][\/vc_column_inner][vc_column_inner width=\u00a0\u00bb1\/6&Prime;][\/vc_column_inner][\/vc_row_inner][vc_row_inner][vc_column_inner][vc_raw_html]JTNDZGl2JTIwY2xhc3MlM0QlMjJtYXAtY29udGFpbmVyJTIyJTNFJTBBJTNDaWZyYW1lJTIwc3R5bGUlM0QlMjJkaXNwbGF5JTNBJTIwYmxvY2slM0IlMjBtYXJnaW4lM0ElMjAwJTIwYXV0byUzQiUyMGJvcmRlciUzQW5vbmUlM0IlMjIlMjBzcmMlM0QlMjJodHRwcyUzQSUyRiUyRnd3dy5nb29nbGUuY29tJTJGbWFwcyUyRmVtYmVkJTNGcGIlM0QlMjExbTE0JTIxMW04JTIxMW0zJTIxMWQxNTg4OS42MDcwMTQ4MDk0OTklMjEyZC0zLjk4ODMwMzMlMjEzZDUuMzU1NTA1MyUyMTNtMiUyMTFpMTAyNCUyMTJpNzY4JTIxNGYxMy4xJTIxM20zJTIxMW0yJTIxMXMweGZjMWViMjdhYTYxNGJjMSUyNTNBMHg2MGY5YTM4YTkxNmQ3YjM1JTIxMnNMZSUyNTIwRGlwbG9tYXRpY28lMjE1ZTAlMjEzbTIlMjExc2ZyJTIxMnNmciUyMTR2MTY4NTQ0MDE4NzAxMSUyMTVtMiUyMTFzZnIlMjEyc2ZyJTIyJTIwd2lkdGglM0QlMjI3MDAlMjIlMjBoZWlnaHQlM0QlMjI0MDAlMjIlMjBzdHlsZSUzRCUyMmJvcmRlciUzQTAlM0IlMjIlMjBhbGxvd2Z1bGxzY3JlZW4lM0QlMjIlMjIlMjBsb2FkaW5nJTNEJTIybGF6eSUyMiUyMHJlZmVycmVycG9saWN5JTNEJTIybm8tcmVmZXJyZXItd2hlbi1kb3duZ3JhZGUlMjIlM0UlM0MlMkZpZnJhbWUlM0UlMEElM0MlMkZkaXYlM0U=[\/vc_raw_html][\/vc_column_inner][\/vc_row_inner][vc_row_inner][vc_column_inner width=\u00a0\u00bb1\/4&Prime;][\/vc_column_inner][vc_column_inner width=\u00a0\u00bb1\/4&Prime;][vc_btn title=\u00a0\u00bbVoir le menu\u00a0\u00bb style=\u00a0\u00bbflat\u00a0\u00bb shape=\u00a0\u00bbsquare\u00a0\u00bb align=\u00a0\u00bbcenter\u00a0\u00bb el_class=\u00a0\u00bbbtn-reserver\u00a0\u00bb link=\u00a0\u00bburl:https%3A%2F%2Flediplomatico.com%2Fwp-content%2Fuploads%2F2023%2F10%2FMENU-LE-DIPLOMATICO.pdf_20230921_171620_0000.pdf|target:_blank\u00a0\u00bb][\/vc_column_inner][vc_column_inner width=\u00a0\u00bb1\/4&Prime;][vc_btn title=\u00a0\u00bbMenu Cigares\u00a0\u00bb style=\u00a0\u00bbflat\u00a0\u00bb shape=\u00a0\u00bbsquare\u00a0\u00bb align=\u00a0\u00bbcenter\u00a0\u00bb el_class=\u00a0\u00bbbtn-reserver\u00a0\u00bb link=\u00a0\u00bburl:https%3A%2F%2Flediplomatico.com%2Fwp-content%2Fuploads%2F2023%2F06%2FMENU-CIGARES-LE-DIPLOMATICO-1.pdf|target:_blank\u00a0\u00bb][\/vc_column_inner][vc_column_inner width=\u00a0\u00bb1\/4&Prime;][\/vc_column_inner][\/vc_row_inner][vc_row_inner][vc_column_inner width=\u00a0\u00bb1\/4&Prime;][\/vc_column_inner][vc_column_inner width=\u00a0\u00bb1\/2&Prime;][vc_btn title=\u00a0\u00bbR\u00e9server\u00a0\u00bb style=\u00a0\u00bbflat\u00a0\u00bb shape=\u00a0\u00bbsquare\u00a0\u00bb align=\u00a0\u00bbcenter\u00a0\u00bb el_class=\u00a0\u00bbbtn-reserver\u00a0\u00bb link=\u00a0\u00bburl:tel%3A%2B2250103005353|target:_blank\u00a0\u00bb][\/vc_column_inner][vc_column_inner width=\u00a0\u00bb1\/4&Prime;][\/vc_column_inner][\/vc_row_inner][\/vc_column][\/vc_row][vc_row full_width=\u00a0\u00bbstretch_row\u00a0\u00bb css=\u00a0\u00bb.vc_custom_1685611028432{background-position: center !important;background-repeat: no-repeat !important;background-size: cover !important;}\u00a0\u00bb][vc_column][\/vc_column][\/vc_row][vc_row full_width=\u00a0\u00bbstretch_row\u00a0\u00bb disable_element=\u00a0\u00bbyes\u00a0\u00bb][vc_column][vc_empty_space][vc_row_inner][vc_column_inner width=\u00a0\u00bb1\/6&Prime;][\/vc_column_inner][vc_column_inner width=\u00a0\u00bb1\/6&Prime;][\/vc_column_inner][vc_column_inner width=\u00a0\u00bb1\/6&Prime; offset=\u00a0\u00bbvc_hidden-xs\u00a0\u00bb][vc_icon type=\u00a0\u00bbfontawesome\u00a0\u00bb icon_fontawesome=\u00a0\u00bbfab fa-facebook-square\u00a0\u00bb color=\u00a0\u00bbcustom\u00a0\u00bb size=\u00a0\u00bblg\u00a0\u00bb align=\u00a0\u00bbright\u00a0\u00bb custom_color=\u00a0\u00bb#000000&Prime; link=\u00a0\u00bburl:https%3A%2F%2Fwww.facebook.com%2Flediplomaticoabidjan|target:_blank\u00a0\u00bb][\/vc_column_inner][vc_column_inner width=\u00a0\u00bb1\/6&Prime; offset=\u00a0\u00bbvc_hidden-xs\u00a0\u00bb][vc_icon type=\u00a0\u00bbfontawesome\u00a0\u00bb icon_fontawesome=\u00a0\u00bbfab fa-instagram\u00a0\u00bb color=\u00a0\u00bbcustom\u00a0\u00bb size=\u00a0\u00bblg\u00a0\u00bb custom_color=\u00a0\u00bb#000000&Prime; link=\u00a0\u00bburl:https%3A%2F%2Fwww.instagram.com%2Flediplomatico_abidjan%2F|target:_blank\u00a0\u00bb][\/vc_column_inner][vc_column_inner width=\u00a0\u00bb1\/6&Prime;][\/vc_column_inner][vc_column_inner width=\u00a0\u00bb1\/6&Prime;][\/vc_column_inner][\/vc_row_inner][vc_row_inner][vc_column_inner width=\u00a0\u00bb1\/6&Prime;][\/vc_column_inner][vc_column_inner width=\u00a0\u00bb1\/6&Prime;][\/vc_column_inner][vc_column_inner width=\u00a0\u00bb1\/6&Prime; offset=\u00a0\u00bbvc_hidden-lg vc_hidden-md vc_hidden-sm\u00a0\u00bb][vc_icon type=\u00a0\u00bbfontawesome\u00a0\u00bb icon_fontawesome=\u00a0\u00bbfab fa-facebook-square\u00a0\u00bb color=\u00a0\u00bbcustom\u00a0\u00bb size=\u00a0\u00bblg\u00a0\u00bb align=\u00a0\u00bbcenter\u00a0\u00bb custom_color=\u00a0\u00bb#000000&Prime; link=\u00a0\u00bburl:https%3A%2F%2Fwww.facebook.com%2Flediplomaticoabidjan|target:_blank\u00a0\u00bb][\/vc_column_inner][vc_column_inner width=\u00a0\u00bb1\/6&Prime; offset=\u00a0\u00bbvc_hidden-lg vc_hidden-md vc_hidden-sm\u00a0\u00bb][vc_icon type=\u00a0\u00bbfontawesome\u00a0\u00bb icon_fontawesome=\u00a0\u00bbfab fa-instagram\u00a0\u00bb color=\u00a0\u00bbcustom\u00a0\u00bb size=\u00a0\u00bblg\u00a0\u00bb align=\u00a0\u00bbcenter\u00a0\u00bb custom_color=\u00a0\u00bb#000000&Prime; link=\u00a0\u00bburl:https%3A%2F%2Fwww.instagram.com%2Flediplomatico_abidjan%2F|target:_blank\u00a0\u00bb][\/vc_column_inner][vc_column_inner width=\u00a0\u00bb1\/6&Prime;][\/vc_column_inner][vc_column_inner width=\u00a0\u00bb1\/6&Prime;][\/vc_column_inner][\/vc_row_inner][\/vc_column][\/vc_row][vc_row full_width=\u00a0\u00bbstretch_row_content\u00a0\u00bb equal_height=\u00a0\u00bbyes\u00a0\u00bb content_placement=\u00a0\u00bbmiddle\u00a0\u00bb css=\u00a0\u00bb.vc_custom_1685546007651{background-color: #000000 !important;}\u00a0\u00bb][vc_column width=\u00a0\u00bb1\/2&Prime; css=\u00a0\u00bb.vc_custom_1685448835673{background-image: url(https:\/\/lediplomatico.com\/wp-content\/uploads\/2023\/05\/pexels-cottonbro-studio-7265870-scaled.jpg?id=10) !important;background-position: center !important;background-repeat: no-repeat !important;background-size: cover !important;}\u00a0\u00bb][vc_empty_space height=\u00a0\u00bb400px\u00a0\u00bb][\/vc_column][vc_column width=\u00a0\u00bb1\/2&Prime; css=\u00a0\u00bb.vc_custom_1685546031380{background-color: #000000 !important;}\u00a0\u00bb][vc_column_text]<script>(function() {\n\twindow.mc4wp = window.mc4wp || {\n\t\tlisteners: [],\n\t\tforms: {\n\t\t\ton: function(evt, cb) {\n\t\t\t\twindow.mc4wp.listeners.push(\n\t\t\t\t\t{\n\t\t\t\t\t\tevent   : evt,\n\t\t\t\t\t\tcallback: cb\n\t\t\t\t\t}\n\t\t\t\t);\n\t\t\t}\n\t\t}\n\t}\n})();\n<\/script><!-- Mailchimp for WordPress v4.9.11 - https:\/\/wordpress.org\/plugins\/mailchimp-for-wp\/ --><form id=\"mc4wp-form-1\" class=\"mc4wp-form mc4wp-form-42\" method=\"post\" data-id=\"42\" data-name=\"Newsletter\" ><div class=\"mc4wp-form-fields\"><p class=\"newsletter\">\r\n  <label>\r\n    <p class=\"label\">Abonnez-vous \u00e0 notre newsletter !<\/p> \r\n\t<input type=\"email\" name=\"EMAIL\" placeholder=\"Votre e-mail\" required \/>\r\n<\/label>\r\n<\/p>\r\n\r\n<p class=\"btn-submit\">\r\n\t<input type=\"submit\" value=\"Je m'abonne\" \/>\r\n<\/p><\/div><label style=\"display: none !important;\">Laissez ce champ vide si vous \u00eates humain\u00a0: <input type=\"text\" name=\"_mc4wp_honeypot\" value=\"\" tabindex=\"-1\" autocomplete=\"off\" \/><\/label><input type=\"hidden\" name=\"_mc4wp_timestamp\" value=\"1776434891\" \/><input type=\"hidden\" name=\"_mc4wp_form_id\" value=\"42\" \/><input type=\"hidden\" name=\"_mc4wp_form_element_id\" value=\"mc4wp-form-1\" \/><div class=\"mc4wp-response\"><\/div><\/form><!-- \/ Mailchimp for WordPress Plugin -->[\/vc_column_text][\/vc_column][\/vc_row][vc_row full_width=\u00a0\u00bbstretch_row\u00a0\u00bb css=\u00a0\u00bb.vc_custom_1685453205275{background-color: #ab5217 !important;}\u00a0\u00bb][vc_column][vc_single_image image=\u00a0\u00bb73&Prime; img_size=\u00a0\u00bbfull\u00a0\u00bb alignment=\u00a0\u00bbcenter\u00a0\u00bb][vc_column_text]<\/p>\n<p class=\"white\" style=\"text-align: center;\"><a class=\"white\" href=\"https:\/\/goo.gl\/maps\/w1BL8zmstADeQvMCA\" target=\"_blank\" rel=\"noopener\">387 avenue Harris Memel Fot\u00ea,<br \/>\nAbidjan, C\u00f4te d\u2019Ivoire<\/a><\/p>\n<p>[\/vc_column_text][\/vc_column][\/vc_row]<\/p>\n<\/section>","protected":false},"excerpt":{"rendered":"<p>[vc_row disable_element=\u00a0\u00bbyes\u00a0\u00bb][vc_column][vc_column_text] Bar lounge abidjan [\/vc_column_text][\/vc_column][\/vc_row][vc_row disable_element=\u00a0\u00bbyes\u00a0\u00bb][vc_column][vc_column_text] Bar lounge abidjan [\/vc_column_text][\/vc_column][\/vc_row][vc_row][vc_column offset=\u00a0\u00bbvc_hidden-xs\u00a0\u00bb][vc_column_text][\/vc_column_text][\/vc_column][\/vc_row][vc_row][vc_column offset=\u00a0\u00bbvc_hidden-lg vc_hidden-md\u00a0\u00bb][vc_column_text][\/vc_column_text][\/vc_column][\/vc_row][vc_row full_width=\u00a0\u00bbstretch_row_content\u00a0\u00bb][vc_column width=\u00a0\u00bb1\/6&Prime; css=\u00a0\u00bb.vc_custom_1685975649276{background-color: #c6732b !important;}\u00a0\u00bb][\/vc_column][vc_column width=\u00a0\u00bb5\/6&Prime;][vc_column_text] La maison des ambassadeurs [\/vc_column_text][\/vc_column][\/vc_row][vc_row full_width=\u00a0\u00bbstretch_row_content\u00a0\u00bb][vc_column width=\u00a0\u00bb1\/6&Prime;][\/vc_column][vc_column width=\u00a0\u00bb2\/5&Prime;][vc_column_text]Un sanctuaire masculin d\u2019exception o\u00f9 vous retrouverez le bar\/lounge Le Diplomatico, le concept store occidental by Mister D et Le Dab\u00e9, un espace d\u00e9di\u00e9 \u00e0 la mode et&hellip;<\/p>\n","protected":false},"author":1,"featured_media":0,"parent":0,"menu_order":0,"comment_status":"closed","ping_status":"closed","template":"","meta":{"footnotes":""},"class_list":["post-2","page","type-page","status-publish","hentry"],"acf":[],"yoast_head":"<!-- This site is optimized with the Yoast SEO plugin v24.4 - https:\/\/yoast.com\/wordpress\/plugins\/seo\/ -->\n<title>Bar lounge abidjan - Le Diplomatico<\/title>\n<meta name=\"description\" content=\"D\u00e9couvrez notre bar lounge \u00e0 abidjan, Le Diplomatico, un sanctuaire masculin d\u2019exception et un concept store occidental.\" \/>\n<meta name=\"robots\" content=\"index, follow, max-snippet:-1, max-image-preview:large, max-video-preview:-1\" \/>\n<link rel=\"canonical\" href=\"https:\/\/lediplomatico.com\/\" \/>\n<meta property=\"og:locale\" content=\"fr_FR\" \/>\n<meta property=\"og:type\" content=\"article\" \/>\n<meta property=\"og:title\" content=\"Bar lounge abidjan - Le Diplomatico\" \/>\n<meta property=\"og:description\" content=\"D\u00e9couvrez notre bar lounge \u00e0 abidjan, Le Diplomatico, un sanctuaire masculin d\u2019exception et un concept store occidental.\" \/>\n<meta property=\"og:url\" content=\"https:\/\/lediplomatico.com\/\" \/>\n<meta property=\"og:site_name\" content=\"Le Diplomatico\" \/>\n<meta property=\"article:modified_time\" content=\"2023-10-02T07:08:05+00:00\" \/>\n<meta name=\"twitter:card\" content=\"summary_large_image\" \/>\n<meta name=\"twitter:label1\" content=\"Dur\u00e9e de lecture estim\u00e9e\" \/>\n\t<meta name=\"twitter:data1\" content=\"2 minutes\" \/>\n<script type=\"application\/ld+json\" class=\"yoast-schema-graph\">{\"@context\":\"https:\/\/schema.org\",\"@graph\":[{\"@type\":\"WebPage\",\"@id\":\"https:\/\/lediplomatico.com\/\",\"url\":\"https:\/\/lediplomatico.com\/\",\"name\":\"Bar lounge abidjan - Le Diplomatico\",\"isPartOf\":{\"@id\":\"https:\/\/lediplomatico.com\/#website\"},\"datePublished\":\"2023-04-18T17:58:30+00:00\",\"dateModified\":\"2023-10-02T07:08:05+00:00\",\"description\":\"D\u00e9couvrez notre bar lounge \u00e0 abidjan, Le Diplomatico, un sanctuaire masculin d\u2019exception et un concept store occidental.\",\"breadcrumb\":{\"@id\":\"https:\/\/lediplomatico.com\/#breadcrumb\"},\"inLanguage\":\"fr-FR\",\"potentialAction\":[{\"@type\":\"ReadAction\",\"target\":[\"https:\/\/lediplomatico.com\/\"]}]},{\"@type\":\"BreadcrumbList\",\"@id\":\"https:\/\/lediplomatico.com\/#breadcrumb\",\"itemListElement\":[{\"@type\":\"ListItem\",\"position\":1,\"name\":\"Accueil\",\"item\":\"https:\/\/lediplomatico.com\/\"},{\"@type\":\"ListItem\",\"position\":2,\"name\":\"Accueil\"}]},{\"@type\":\"WebSite\",\"@id\":\"https:\/\/lediplomatico.com\/#website\",\"url\":\"https:\/\/lediplomatico.com\/\",\"name\":\"Le Diplomatico\",\"description\":\"Un site utilisant WordPress\",\"potentialAction\":[{\"@type\":\"SearchAction\",\"target\":{\"@type\":\"EntryPoint\",\"urlTemplate\":\"https:\/\/lediplomatico.com\/?s={search_term_string}\"},\"query-input\":{\"@type\":\"PropertyValueSpecification\",\"valueRequired\":true,\"valueName\":\"search_term_string\"}}],\"inLanguage\":\"fr-FR\"}]}<\/script>\n<!-- \/ Yoast SEO plugin. -->","yoast_head_json":{"title":"Bar lounge abidjan - Le Diplomatico","description":"D\u00e9couvrez notre bar lounge \u00e0 abidjan, Le Diplomatico, un sanctuaire masculin d\u2019exception et un concept store occidental.","robots":{"index":"index","follow":"follow","max-snippet":"max-snippet:-1","max-image-preview":"max-image-preview:large","max-video-preview":"max-video-preview:-1"},"canonical":"https:\/\/lediplomatico.com\/","og_locale":"fr_FR","og_type":"article","og_title":"Bar lounge abidjan - Le Diplomatico","og_description":"D\u00e9couvrez notre bar lounge \u00e0 abidjan, Le Diplomatico, un sanctuaire masculin d\u2019exception et un concept store occidental.","og_url":"https:\/\/lediplomatico.com\/","og_site_name":"Le Diplomatico","article_modified_time":"2023-10-02T07:08:05+00:00","twitter_card":"summary_large_image","twitter_misc":{"Dur\u00e9e de lecture estim\u00e9e":"2 minutes"},"schema":{"@context":"https:\/\/schema.org","@graph":[{"@type":"WebPage","@id":"https:\/\/lediplomatico.com\/","url":"https:\/\/lediplomatico.com\/","name":"Bar lounge abidjan - Le Diplomatico","isPartOf":{"@id":"https:\/\/lediplomatico.com\/#website"},"datePublished":"2023-04-18T17:58:30+00:00","dateModified":"2023-10-02T07:08:05+00:00","description":"D\u00e9couvrez notre bar lounge \u00e0 abidjan, Le Diplomatico, un sanctuaire masculin d\u2019exception et un concept store occidental.","breadcrumb":{"@id":"https:\/\/lediplomatico.com\/#breadcrumb"},"inLanguage":"fr-FR","potentialAction":[{"@type":"ReadAction","target":["https:\/\/lediplomatico.com\/"]}]},{"@type":"BreadcrumbList","@id":"https:\/\/lediplomatico.com\/#breadcrumb","itemListElement":[{"@type":"ListItem","position":1,"name":"Accueil","item":"https:\/\/lediplomatico.com\/"},{"@type":"ListItem","position":2,"name":"Accueil"}]},{"@type":"WebSite","@id":"https:\/\/lediplomatico.com\/#website","url":"https:\/\/lediplomatico.com\/","name":"Le Diplomatico","description":"Un site utilisant WordPress","potentialAction":[{"@type":"SearchAction","target":{"@type":"EntryPoint","urlTemplate":"https:\/\/lediplomatico.com\/?s={search_term_string}"},"query-input":{"@type":"PropertyValueSpecification","valueRequired":true,"valueName":"search_term_string"}}],"inLanguage":"fr-FR"}]}},"_links":{"self":[{"href":"https:\/\/lediplomatico.com\/index.php?rest_route=\/wp\/v2\/pages\/2","targetHints":{"allow":["GET"]}}],"collection":[{"href":"https:\/\/lediplomatico.com\/index.php?rest_route=\/wp\/v2\/pages"}],"about":[{"href":"https:\/\/lediplomatico.com\/index.php?rest_route=\/wp\/v2\/types\/page"}],"author":[{"embeddable":true,"href":"https:\/\/lediplomatico.com\/index.php?rest_route=\/wp\/v2\/users\/1"}],"replies":[{"embeddable":true,"href":"https:\/\/lediplomatico.com\/index.php?rest_route=%2Fwp%2Fv2%2Fcomments&post=2"}],"version-history":[{"count":55,"href":"https:\/\/lediplomatico.com\/index.php?rest_route=\/wp\/v2\/pages\/2\/revisions"}],"predecessor-version":[{"id":177,"href":"https:\/\/lediplomatico.com\/index.php?rest_route=\/wp\/v2\/pages\/2\/revisions\/177"}],"wp:attachment":[{"href":"https:\/\/lediplomatico.com\/index.php?rest_route=%2Fwp%2Fv2%2Fmedia&parent=2"}],"curies":[{"name":"wp","href":"https:\/\/api.w.org\/{rel}","templated":true}]}}